{"id":2141,"date":"2025-04-21T19:06:13","date_gmt":"2025-04-21T17:06:13","guid":{"rendered":"https:\/\/good-vibes.hu\/privacy-policy\/"},"modified":"2025-07-16T20:22:10","modified_gmt":"2025-07-16T18:22:10","slug":"privacy-policy","status":"publish","type":"page","link":"https:\/\/good-vibes.hu\/en\/privacy-policy\/","title":{"rendered":"Privacy policy"},"content":{"rendered":"\t\t<div data-elementor-type=\"wp-page\" data-elementor-id=\"2141\" class=\"elementor elementor-2141 elementor-560\" data-elementor-post-type=\"page\">\n\t\t\t\t<div class=\"elementor-element elementor-element-91ab09b e-flex e-con-boxed e-con e-parent\" data-id=\"91ab09b\" data-element_type=\"container\" data-e-type=\"container\" data-settings=\"{&quot;background_background&quot;:&quot;classic&quot;}\">\n\t\t\t\t\t<div class=\"e-con-inner\">\n\t\t\t\t<div class=\"elementor-element elementor-element-6412857 elementor-widget elementor-widget-text-editor\" data-id=\"6412857\" data-element_type=\"widget\" data-e-type=\"widget\" data-widget_type=\"text-editor.default\">\n\t\t\t\t<div class=\"elementor-widget-container\">\n\t\t\t\t\t\t\t\t\t<h2>Data Processing Notice<\/h2><p>The purpose of this Privacy Policy is to record the data protection and privacy practices of DEEGITALIZED Kft. (head office: 1016 Budapest, Krisztina k\u00f6r\u00fat 75. 7. floor. 1. door, tax no.: 32808780-2-41, represented by: D\u00e1vid Edu\u00e1rd Czik\u00f3) of the Good Vibes &#8211; Sound &amp; Talents (hereinafter referred to as Good Vibes) website (www.good-vibes.hu), with particular reference to the provisions of Regulation (EU) 2016\/679 on the protection of personal data (GDPR). <\/p><h2>I. Data controller&#8217;s data<\/h2><p>Name: DEEGITALIZED Kft.<\/p><p>Headquarters: 1016 Budapest, Krisztina k\u00f6r\u00fat 75. A. \u00e9p.  7. em. 1. \u00e1jto<\/p><p>Tax number: 32808780-2-41<\/p><p>Community tax number: HU32808780<\/p><p>Company registration number: 01-09-443727<\/p><p>Represented by: D\u00e1vid Edu\u00e1rd Czik\u00f3<\/p><p>E-mail: info@good-vibes.hu<\/p><p>Website: www.good-vibes.hu<\/p><h2>II. Scope of personal data processed <\/h2><p>When you contact us on this website, we will only ask for the following information:<\/p><p>&#8211; Your name<\/p><p>&#8211; E-mail address<\/p><p>&#8211; Phone number (optional)<\/p><p>&#8211; Event-related comment, other information<\/p><p>This information will only be used to manage your enquiry, to call you back or to send you a quote.<\/p><h2>III. Purpose and legal basis for processing <\/h2><p>Purpose of the processing:<\/p><p>&#8211; Keeping in touch<\/p><p>&#8211; Send a quote<\/p><p>&#8211; Consultation on the organisation of events<\/p><p>Legal basis for processing:<\/p><p>&#8211; Consent of the data subject (Article 6(1)(a) GDPR) <\/p><p>&#8211; Taking steps before performance of the contract (Article 6(1)(b) GDPR) <\/p><h2>IV. Cookie management <\/h2><p>The website uses cookies for the following purposes:<\/p><p>&#8211; Website functionality (technical cookies)<\/p><p>&#8211; Visitor measurement (analytical cookies, e.g. Google Analytics)<\/p><p>The visitor has the possibility to decide whether to accept cookies. Cookies can be deleted or disabled in the browser settings. <\/p><h2>V. Duration of data storage<\/h2><p>Personal data will be stored until the data subject&#8217;s consent is withdrawn, but for a maximum of 12 months, unless longer retention is required by law (e.g. accounting records).<\/p><h2>VI. Data transfers, data processors <\/h2><p>The technical operation of the website is provided by Elementor Hosting, to which DEEGITALIZED Ltd. has a contractual relationship. <\/p><p>Data processors:<\/p><p>&#8211; Hosting provider: Elementor Hosting (USA\/Israel)<\/p><h2>VII. Images, videos and music content <\/h2><p>The images, videos and musical material displayed on the website are the exclusive property of DEEGITALIZED Ltd. or the right to use them. All rights reserved.  <\/p><h2>VIII. Rights of data subjects <\/h2><p>The persons concerned are entitled to:<\/p><p>&#8211; request information about the processing,<\/p><p>&#8211; ask for their data to be corrected,<\/p><p>&#8211; request the deletion of the data,<\/p><p>&#8211; request the restriction of processing,<\/p><p>&#8211; object to the processing,<\/p><p>&#8211; request data portability.<\/p><p>These rights can be exercised by sending an e-mail to info@goodvibes.hu or by post.<\/p><h2>IX. Remedies <\/h2><p>In the event of a complaint, the data subject may contact the following authority:<\/p><p>National Authority for Data Protection and Freedom of Information (NAIH)<\/p><p>1055 Budapest, Falk Miksa utca 9-11.<\/p><p>Phone: +36 1 391 1400<\/p><p>E-mail: ugyfelszolgalat@naih.hu<\/p><p>Website: www.naih.hu<\/p><h2>Budapest, 29 May 2025. <\/h2><p>DEEGITALIZED Kft. &#8211; Good Vibes &#8211; Sound &amp; Talents <\/p><h1>XII. USE OF EXTERNAL SERVICE PROVIDERS, ANALYTICAL AND MARKETING TOOLS <\/h1><p>The Good Vibes website uses the following third party services to improve your user experience and for statistical, analytical and marketing purposes:<\/p><p>1. Google Analytics: a web analytics service provided by Google Inc. (\u201cGoogle\u201d) to help analyse website traffic. Google Analytics uses cookies to help the website analyze how users use the site. Google Analytics uses cookies to collect information about your use of the website.  <\/p><p>2. Google Ads: Google&#8217;s advertising service that allows users to see targeted ads. It uses cookies and other tracking technologies to track user interactions. <\/p><p>3. Meta Ads (Facebook &amp; Instagram): Meta Platforms Ireland Ltd. provides online advertising tools that display targeted advertisements based on the interests of users.<\/p><p>4. Meta Pixel: an analytical tool that allows us to track users&#8217; behaviour on the website after they have clicked on our ads on Meta (Facebook, Instagram) platforms. Meta Pixel helps to optimize ads and improve the effectiveness of campaigns. <\/p><p>When using these services, the website may store cookies on the user&#8217;s computer. Users can control whether to allow, delete or block cookies in their browser settings. <\/p><p>For more information about the privacy practices of these service providers, please visit:<br>&#8211; Google Privacy Policy: https:\/\/policies.google.com\/privacy<br>&#8211; Meta Privacy Policy: https:\/\/www.facebook.com\/policy.php<\/p>\t\t\t\t\t\t\t\t<\/div>\n\t\t\t\t<\/div>\n\t\t\t\t\t<\/div>\n\t\t\t\t<\/div>\n\t\t\t\t<\/div>\n\t\t","protected":false},"excerpt":{"rendered":"<p>Data Processing Notice The purpose of this Privacy Policy is to record the data protection and privacy practices of DEEGITALIZED Kft. (head office: 1016 Budapest, Krisztina k\u00f6r\u00fat 75. 7. floor. 1. door, tax no.: 32808780-2-41, represented by: D\u00e1vid Edu\u00e1rd Czik\u00f3) of the Good Vibes &#8211; Sound &amp; Talents (hereinafter referred to as Good Vibes) website [&hellip;]<\/p>\n","protected":false},"author":1,"featured_media":0,"parent":0,"menu_order":0,"comment_status":"closed","ping_status":"closed","template":"","meta":{"footnotes":""},"class_list":["post-2141","page","type-page","status-publish","hentry"],"_links":{"self":[{"href":"https:\/\/good-vibes.hu\/en\/wp-json\/wp\/v2\/pages\/2141","targetHints":{"allow":["GET"]}}],"collection":[{"href":"https:\/\/good-vibes.hu\/en\/wp-json\/wp\/v2\/pages"}],"about":[{"href":"https:\/\/good-vibes.hu\/en\/wp-json\/wp\/v2\/types\/page"}],"author":[{"embeddable":true,"href":"https:\/\/good-vibes.hu\/en\/wp-json\/wp\/v2\/users\/1"}],"replies":[{"embeddable":true,"href":"https:\/\/good-vibes.hu\/en\/wp-json\/wp\/v2\/comments?post=2141"}],"version-history":[{"count":2,"href":"https:\/\/good-vibes.hu\/en\/wp-json\/wp\/v2\/pages\/2141\/revisions"}],"predecessor-version":[{"id":2306,"href":"https:\/\/good-vibes.hu\/en\/wp-json\/wp\/v2\/pages\/2141\/revisions\/2306"}],"wp:attachment":[{"href":"https:\/\/good-vibes.hu\/en\/wp-json\/wp\/v2\/media?parent=2141"}],"curies":[{"name":"wp","href":"https:\/\/api.w.org\/{rel}","templated":true}]}}