{"id":2127,"date":"2025-04-21T19:05:30","date_gmt":"2025-04-21T17:05:30","guid":{"rendered":"https:\/\/good-vibes.hu\/legal-notice\/"},"modified":"2025-06-02T21:57:45","modified_gmt":"2025-06-02T19:57:45","slug":"legal-notice","status":"publish","type":"page","link":"https:\/\/good-vibes.hu\/en\/legal-notice\/","title":{"rendered":"Legal Notice"},"content":{"rendered":"\t\t<div data-elementor-type=\"wp-page\" data-elementor-id=\"2127\" class=\"elementor elementor-2127 elementor-558\" data-elementor-post-type=\"page\">\n\t\t\t\t<div class=\"elementor-element elementor-element-ea194ee e-flex e-con-boxed e-con e-parent\" data-id=\"ea194ee\" data-element_type=\"container\" data-e-type=\"container\" data-settings=\"{&quot;background_background&quot;:&quot;classic&quot;}\">\n\t\t\t\t\t<div class=\"e-con-inner\">\n\t\t\t\t<div class=\"elementor-element elementor-element-4756f09 elementor-widget elementor-widget-text-editor\" data-id=\"4756f09\" data-element_type=\"widget\" data-e-type=\"widget\" data-widget_type=\"text-editor.default\">\n\t\t\t\t<div class=\"elementor-widget-container\">\n\t\t\t\t\t\t\t\t\t<h3 data-start=\"1640\" data-end=\"1663\"><strong data-start=\"1649\" data-end=\"1663\">Legal Notice<\/strong><\/h3><p data-start=\"1665\" data-end=\"1711\"><strong data-start=\"1665\" data-end=\"1697\">Good Vibes &#8211; Sound &amp; Talents<\/strong><br data-start=\"1697\" data-end=\"1700\">Operated by:<\/p><p data-start=\"1713\" data-end=\"1805\"><strong data-start=\"1713\" data-end=\"1734\">DEEGITALIZED Kft.<\/strong><br data-start=\"1734\" data-end=\"1737\">Head office:<br data-start=\"1746\" data-end=\"1749\">1016 Budapest, Krisztina k\u00f6r\u00fat 75. A. \u00e9p.  7. em. 1. \u00e1jto<\/p><p data-start=\"1807\" data-end=\"1940\"><strong data-start=\"1807\" data-end=\"1819\">Tax number:<\/strong> 32808780-2-41<br data-start=\"1833\" data-end=\"1836\"><strong data-start=\"1836\" data-end=\"1858\">Community tax number:<\/strong> HU32808780<br data-start=\"1869\" data-end=\"1872\">Company registration number<strong data-start=\"1872\" data-end=\"1891\">:<\/strong> 01-09-443727<br data-start=\"1904\" data-end=\"1907\"><strong data-start=\"1907\" data-end=\"1921\">Managing Director:<\/strong> D\u00e1vid Eduard Czik\u00f3<\/p><p data-start=\"1942\" data-end=\"2077\"><strong data-start=\"1942\" data-end=\"1956\">Contact:<\/strong><br data-start=\"1956\" data-end=\"1959\">E-mail: info@good-vibes.hu<br data-start=\"1988\" data-end=\"1991\">Phone: +36 30 1992662<br data-start=\"2021\" data-end=\"2024\">Website: <a class=\"\" href=\"http:\/\/www.goodvibes.hu\" target=\"_new\" rel=\"noopener\" data-start=\"2034\" data-end=\"2077\">www.goodvibes.hu<\/a><\/p><p data-start=\"2079\" data-end=\"2349\">All content on the website, including photographs and videos, is the company&#8217;s own material and is protected by copyright. Any use or reproduction, in whole or in part, is subject to the prior written permission of the operator. <\/p>\t\t\t\t\t\t\t\t<\/div>\n\t\t\t\t<\/div>\n\t\t\t\t\t<\/div>\n\t\t\t\t<\/div>\n\t\t\t\t<\/div>\n\t\t","protected":false},"excerpt":{"rendered":"<p>Legal Notice Good Vibes &#8211; Sound &amp; TalentsOperated by: DEEGITALIZED Kft.Head office:1016 Budapest, Krisztina k\u00f6r\u00fat 75. A. \u00e9p. 7. em. 1. \u00e1jto Tax number: 32808780-2-41Community tax number: HU32808780Company registration number: 01-09-443727Managing Director: D\u00e1vid Eduard Czik\u00f3 Contact:E-mail: info@good-vibes.huPhone: +36 30 1992662Website: www.goodvibes.hu All content on the website, including photographs and videos, is the company&#8217;s own material [&hellip;]<\/p>\n","protected":false},"author":1,"featured_media":0,"parent":0,"menu_order":0,"comment_status":"closed","ping_status":"closed","template":"","meta":{"footnotes":""},"class_list":["post-2127","page","type-page","status-publish","hentry"],"_links":{"self":[{"href":"https:\/\/good-vibes.hu\/en\/wp-json\/wp\/v2\/pages\/2127","targetHints":{"allow":["GET"]}}],"collection":[{"href":"https:\/\/good-vibes.hu\/en\/wp-json\/wp\/v2\/pages"}],"about":[{"href":"https:\/\/good-vibes.hu\/en\/wp-json\/wp\/v2\/types\/page"}],"author":[{"embeddable":true,"href":"https:\/\/good-vibes.hu\/en\/wp-json\/wp\/v2\/users\/1"}],"replies":[{"embeddable":true,"href":"https:\/\/good-vibes.hu\/en\/wp-json\/wp\/v2\/comments?post=2127"}],"version-history":[{"count":1,"href":"https:\/\/good-vibes.hu\/en\/wp-json\/wp\/v2\/pages\/2127\/revisions"}],"predecessor-version":[{"id":2128,"href":"https:\/\/good-vibes.hu\/en\/wp-json\/wp\/v2\/pages\/2127\/revisions\/2128"}],"wp:attachment":[{"href":"https:\/\/good-vibes.hu\/en\/wp-json\/wp\/v2\/media?parent=2127"}],"curies":[{"name":"wp","href":"https:\/\/api.w.org\/{rel}","templated":true}]}}