{"id":2139,"date":"2025-04-21T19:06:13","date_gmt":"2025-04-21T17:06:13","guid":{"rendered":"https:\/\/good-vibes.hu\/datenschutz\/"},"modified":"2025-07-16T20:22:24","modified_gmt":"2025-07-16T18:22:24","slug":"datenschutz","status":"publish","type":"page","link":"https:\/\/good-vibes.hu\/de\/datenschutz\/","title":{"rendered":"Datenschutz"},"content":{"rendered":"\t\t<div data-elementor-type=\"wp-page\" data-elementor-id=\"2139\" class=\"elementor elementor-2139 elementor-560\" data-elementor-post-type=\"page\">\n\t\t\t\t<div class=\"elementor-element elementor-element-91ab09b e-flex e-con-boxed e-con e-parent\" data-id=\"91ab09b\" data-element_type=\"container\" data-e-type=\"container\" data-settings=\"{&quot;background_background&quot;:&quot;classic&quot;}\">\n\t\t\t\t\t<div class=\"e-con-inner\">\n\t\t\t\t<div class=\"elementor-element elementor-element-6412857 elementor-widget elementor-widget-text-editor\" data-id=\"6412857\" data-element_type=\"widget\" data-e-type=\"widget\" data-widget_type=\"text-editor.default\">\n\t\t\t\t<div class=\"elementor-widget-container\">\n\t\t\t\t\t\t\t\t\t<h2>Datenschutzerkl\u00e4rung<\/h2><p>Der Zweck dieser Datenschutzrichtlinie ist es, den Datenschutz und die Datenschutzpraktiken von DEEGITALIZED Kft. (Hauptsitz: 1016 Budapest, Krisztina k\u00f6r\u00fat 75. 7. Stock. 1. T\u00fcr, Steuernummer: 32808780-2-41, vertreten durch: D\u00e1vid Edu\u00e1rd Czik\u00f3) der Website Good Vibes &#8211; Sound &amp; Talents (im Folgenden Good Vibes genannt) (www.good-vibes.hu) unter besonderer Ber\u00fccksichtigung der Bestimmungen der Verordnung (EU) 2016\/679 \u00fcber den Schutz personenbezogener Daten (GDPR). <\/p><h2>I. Daten des f\u00fcr die Verarbeitung Verantwortlichen<\/h2><p>Name: DEEGITALIZED Kft.<\/p><p>Hauptsitz: 1016 Budapest, Krisztina k\u00f6r\u00fat 75. A. \u00e9p.  7. em. 1. ajt\u00f3<\/p><p>Steuernummer: 32808780-2-41<\/p><p>EU-Steuernummer: HU32808780<\/p><p>Registrierungsnummer des Unternehmens: 01-09-443727<\/p><p>Vertreten durch: D\u00e1vid Edu\u00e1rd Czik\u00f3<\/p><p>E-Mail: info@good-vibes.hu<\/p><p>Website: www.good-vibes.hu<\/p><h2>II. Umfang der verarbeiteten personenbezogenen Daten <\/h2><p>Wenn Sie uns \u00fcber diese Website kontaktieren, fragen wir Sie nur nach den folgenden Informationen:<\/p><p>&#8211; Ihr Name<\/p><p>&#8211; E-Mail Adresse<\/p><p>&#8211; Telefonnummer (optional)<\/p><p>&#8211; Ereignisbezogener Kommentar, sonstige Informationen<\/p><p>Diese Informationen werden nur verwendet, um Ihre Anfrage zu bearbeiten, Sie zur\u00fcckzurufen oder Ihnen ein Angebot zu schicken.<\/p><h2>III. Zweck und Rechtsgrundlage der Verarbeitung <\/h2><p>Zweck der Verarbeitung:<\/p><p>&#8211; In Kontakt bleiben<\/p><p>&#8211; Ein Angebot senden<\/p><p>&#8211; Konsultation zur Organisation von Veranstaltungen<\/p><p>Rechtsgrundlage f\u00fcr die Verarbeitung:<\/p><p>&#8211; Einwilligung der betroffenen Person (Artikel 6(1)(a) GDPR) <\/p><p>&#8211; Ergreifung von Ma\u00dfnahmen vor der Vertragserf\u00fcllung (Artikel 6(1)(b) GDPR) <\/p><h2>IV. Cookie-Verwaltung <\/h2><p>Die Website verwendet Cookies f\u00fcr die folgenden Zwecke:<\/p><p>&#8211; Funktionalit\u00e4t der Website (technische Cookies)<\/p><p>&#8211; Besuchermessung (analytische Cookies, z.B. Google Analytics)<\/p><p>Der Besucher hat die M\u00f6glichkeit zu entscheiden, ob er Cookies akzeptieren m\u00f6chte. Cookies k\u00f6nnen in den Browsereinstellungen gel\u00f6scht oder deaktiviert werden. <\/p><h2>V. Dauer der Datenspeicherung<\/h2><p>Personenbezogene Daten werden bis zum Widerruf der Zustimmung der betroffenen Person gespeichert, jedoch h\u00f6chstens 12 Monate, es sei denn, eine l\u00e4ngere Aufbewahrung ist gesetzlich vorgeschrieben (z. B. Buchhaltungsunterlagen).<\/p><h2>VI. Daten\u00fcbermittlung, Datenverarbeiter <\/h2><p>Der technische Betrieb der Website wird von Elementor Hosting bereitgestellt, zu dem DEEGITALIZED Ltd. eine vertragliche Beziehung unterh\u00e4lt. <\/p><p>Datenverarbeiter:<\/p><p>&#8211; Hosting-Anbieter: Elementor Hosting (USA\/Israel)<\/p><h2>VII. bilder, videos und musikinhalte <\/h2><p>Die auf der Website gezeigten Bilder, Videos und Musikst\u00fccke sind ausschlie\u00dfliches Eigentum von DEEGITALIZED Ltd. oder des Rechts, sie zu verwenden. Alle Rechte vorbehalten.  <\/p><h2>VIII. Rechte der betroffenen Personen <\/h2><p>Die betroffenen Personen haben ein Recht auf:<\/p><p>&#8211; Informationen \u00fcber die Verarbeitung anfordern,<\/p><p>&#8211; um eine Korrektur ihrer Daten bitten,<\/p><p>&#8211; die L\u00f6schung der Daten beantragen,<\/p><p>&#8211; die Einschr\u00e4nkung der Verarbeitung beantragen,<\/p><p>&#8211; der Verarbeitung zustimmen,<\/p><p>&#8211; Daten\u00fcbertragbarkeit beantragen.<\/p><p>Sie k\u00f6nnen diese Rechte aus\u00fcben, indem Sie eine E-Mail an info@goodvibes.hu schicken oder auf dem Postweg.<\/p><h2>IX. Rechtsbehelfe <\/h2><p>Im Falle einer Beschwerde kann sich die betroffene Person an die folgende Beh\u00f6rde wenden:<\/p><p>Nationale Beh\u00f6rde f\u00fcr Datenschutz und Informationsfreiheit (NAIH)<\/p><p>1055 Budapest, Falk Miksa utca 9-11.<\/p><p>Telefon: +36 1 391 1400<\/p><p>E-Mail: ugyfelszolgalat@naih.hu<\/p><p>Website: www.naih.hu<\/p><h2>Budapest, 29. Mai 2025. <\/h2><p>DEEGITALIZED Kft. &#8211; Good Vibes &#8211; Sound &amp; Talents <\/p><h1>XII. NUTZUNG VON EXTERNEN DIENSTLEISTERN, ANALYSE- UND MARKETING-TOOLS <\/h1><p>Die Good Vibes-Website nutzt die folgenden Dienste von Dritten, um Ihre Benutzererfahrung zu verbessern und f\u00fcr statistische, analytische und Marketingzwecke:<\/p><p>1. Google Analytics: ein Webanalysedienst der Google Inc. (\u201eGoogle\u201c), der die Analyse des Websiteverkehrs unterst\u00fctzt. Google Analytics verwendet Cookies, um der Website zu helfen, zu analysieren, wie Benutzer die Website nutzen. Google Analytics verwendet Cookies, um Informationen \u00fcber Ihre Nutzung der Website zu sammeln.  <\/p><p>2. Google Ads: Der Werbedienst von Google, der es Nutzern erm\u00f6glicht, gezielte Anzeigen zu sehen. Er verwendet Cookies und andere Tracking-Technologien, um Benutzerinteraktionen zu verfolgen. <\/p><p>3 Meta Ads (Facebook &amp; Instagram): Meta Platforms Ireland Ltd. bietet Online-Werbetools an, die zielgerichtete Werbung basierend auf den Interessen der Nutzer anzeigen.<\/p><p>4. das Meta Pixel: ein Analysetool, mit dem wir das Verhalten der Nutzer auf der Website verfolgen k\u00f6nnen, nachdem sie auf unsere Anzeigen auf Meta-Plattformen (Facebook, Instagram) geklickt haben. Meta Pixel hilft uns, Anzeigen zu optimieren und die Effektivit\u00e4t von Kampagnen zu verbessern. <\/p><p>Wenn Sie diese Dienste nutzen, kann die Website Cookies auf dem Computer des Benutzers speichern. Sie k\u00f6nnen in den Einstellungen Ihres Browsers festlegen, ob Sie Cookies zulassen, l\u00f6schen oder blockieren m\u00f6chten. <\/p><p>Weitere Informationen \u00fcber die Datenschutzpraktiken dieser Dienstanbieter finden Sie unter:<br>&#8211; Google Datenschutzbestimmungen: https:\/\/policies.google.com\/privacy<br>&#8211; Meta Datenschutzbestimmungen: https:\/\/www.facebook.com\/policy.php<\/p>\t\t\t\t\t\t\t\t<\/div>\n\t\t\t\t<\/div>\n\t\t\t\t\t<\/div>\n\t\t\t\t<\/div>\n\t\t\t\t<\/div>\n\t\t","protected":false},"excerpt":{"rendered":"<p>Datenschutzerkl\u00e4rung Der Zweck dieser Datenschutzrichtlinie ist es, den Datenschutz und die Datenschutzpraktiken von DEEGITALIZED Kft. (Hauptsitz: 1016 Budapest, Krisztina k\u00f6r\u00fat 75. 7. Stock. 1. T\u00fcr, Steuernummer: 32808780-2-41, vertreten durch: D\u00e1vid Edu\u00e1rd Czik\u00f3) der Website Good Vibes &#8211; Sound &amp; Talents (im Folgenden Good Vibes genannt) (www.good-vibes.hu) unter besonderer Ber\u00fccksichtigung der Bestimmungen der Verordnung (EU) 2016\/679 [&hellip;]<\/p>\n","protected":false},"author":1,"featured_media":0,"parent":0,"menu_order":0,"comment_status":"closed","ping_status":"closed","template":"","meta":{"footnotes":""},"class_list":["post-2139","page","type-page","status-publish","hentry"],"_links":{"self":[{"href":"https:\/\/good-vibes.hu\/de\/wp-json\/wp\/v2\/pages\/2139","targetHints":{"allow":["GET"]}}],"collection":[{"href":"https:\/\/good-vibes.hu\/de\/wp-json\/wp\/v2\/pages"}],"about":[{"href":"https:\/\/good-vibes.hu\/de\/wp-json\/wp\/v2\/types\/page"}],"author":[{"embeddable":true,"href":"https:\/\/good-vibes.hu\/de\/wp-json\/wp\/v2\/users\/1"}],"replies":[{"embeddable":true,"href":"https:\/\/good-vibes.hu\/de\/wp-json\/wp\/v2\/comments?post=2139"}],"version-history":[{"count":2,"href":"https:\/\/good-vibes.hu\/de\/wp-json\/wp\/v2\/pages\/2139\/revisions"}],"predecessor-version":[{"id":2307,"href":"https:\/\/good-vibes.hu\/de\/wp-json\/wp\/v2\/pages\/2139\/revisions\/2307"}],"wp:attachment":[{"href":"https:\/\/good-vibes.hu\/de\/wp-json\/wp\/v2\/media?parent=2139"}],"curies":[{"name":"wp","href":"https:\/\/api.w.org\/{rel}","templated":true}]}}