{"id":2125,"date":"2025-04-21T19:05:30","date_gmt":"2025-04-21T17:05:30","guid":{"rendered":"https:\/\/good-vibes.hu\/impressum\/"},"modified":"2025-06-02T21:56:06","modified_gmt":"2025-06-02T19:56:06","slug":"impressum","status":"publish","type":"page","link":"https:\/\/good-vibes.hu\/de\/impressum\/","title":{"rendered":"Impressum"},"content":{"rendered":"\t\t<div data-elementor-type=\"wp-page\" data-elementor-id=\"2125\" class=\"elementor elementor-2125 elementor-558\" data-elementor-post-type=\"page\">\n\t\t\t\t<div class=\"elementor-element elementor-element-ea194ee e-flex e-con-boxed e-con e-parent\" data-id=\"ea194ee\" data-element_type=\"container\" data-e-type=\"container\" data-settings=\"{&quot;background_background&quot;:&quot;classic&quot;}\">\n\t\t\t\t\t<div class=\"e-con-inner\">\n\t\t\t\t<div class=\"elementor-element elementor-element-4756f09 elementor-widget elementor-widget-text-editor\" data-id=\"4756f09\" data-element_type=\"widget\" data-e-type=\"widget\" data-widget_type=\"text-editor.default\">\n\t\t\t\t<div class=\"elementor-widget-container\">\n\t\t\t\t\t\t\t\t\t<h3 data-start=\"1640\" data-end=\"1663\"><strong data-start=\"1649\" data-end=\"1663\">Impressum<\/strong><\/h3><p data-start=\"1665\" data-end=\"1711\"><strong data-start=\"1665\" data-end=\"1697\">Good Vibes &#8211; Sound &amp; Talents<\/strong><br data-start=\"1697\" data-end=\"1700\">Betreiber:<\/p><p data-start=\"1713\" data-end=\"1805\"><strong data-start=\"1713\" data-end=\"1734\">DEEGITALIZED Kft.<\/strong><br data-start=\"1734\" data-end=\"1737\">Firmensitz:<br data-start=\"1746\" data-end=\"1749\">1016 Budapest, Krisztina k\u00f6r\u00fat 75. A. \u00e9p.  7. em. 1. ajt\u00f3<\/p><p data-start=\"1807\" data-end=\"1940\"><strong data-start=\"1807\" data-end=\"1819\">Steuernummer:<\/strong> 32808780-2-41<br data-start=\"1833\" data-end=\"1836\"><strong data-start=\"1836\" data-end=\"1858\">Gemeinschaftssteuernummer:<\/strong> HU32808780<br data-start=\"1869\" data-end=\"1872\">Unternehmensregisternummer<strong data-start=\"1872\" data-end=\"1891\">:<\/strong> 01-09-443727<br data-start=\"1904\" data-end=\"1907\"><strong data-start=\"1907\" data-end=\"1921\">Gesch\u00e4ftsf\u00fchrer:<\/strong> D\u00e1vid Eduard Czik\u00f3<\/p><p data-start=\"1942\" data-end=\"2077\"><strong data-start=\"1942\" data-end=\"1956\">Kontakt:<\/strong><br data-start=\"1956\" data-end=\"1959\">E-Mail: info@good-vibes.hu<br data-start=\"1988\" data-end=\"1991\">Telefon: +36 30 1992662<br data-start=\"2021\" data-end=\"2024\">Website: <a class=\"\" href=\"http:\/\/www.goodvibes.hu\" target=\"_new\" rel=\"noopener\" data-start=\"2034\" data-end=\"2077\">www.goodvibes.hu<\/a><\/p><p data-start=\"2079\" data-end=\"2349\">Alle Inhalte auf der Website, einschlie\u00dflich Fotos und Videos, sind Eigentum des Unternehmens und urheberrechtlich gesch\u00fctzt. Jegliche Nutzung oder Reproduktion, ganz oder teilweise, bedarf der vorherigen schriftlichen Genehmigung des Betreibers. <\/p>\t\t\t\t\t\t\t\t<\/div>\n\t\t\t\t<\/div>\n\t\t\t\t\t<\/div>\n\t\t\t\t<\/div>\n\t\t\t\t<\/div>\n\t\t","protected":false},"excerpt":{"rendered":"<p>Impressum Good Vibes &#8211; Sound &amp; TalentsBetreiber: DEEGITALIZED Kft.Firmensitz:1016 Budapest, Krisztina k\u00f6r\u00fat 75. A. \u00e9p. 7. em. 1. ajt\u00f3 Steuernummer: 32808780-2-41Gemeinschaftssteuernummer: HU32808780Unternehmensregisternummer: 01-09-443727Gesch\u00e4ftsf\u00fchrer: D\u00e1vid Eduard Czik\u00f3 Kontakt:E-Mail: info@good-vibes.huTelefon: +36 30 1992662Website: www.goodvibes.hu Alle Inhalte auf der Website, einschlie\u00dflich Fotos und Videos, sind Eigentum des Unternehmens und urheberrechtlich gesch\u00fctzt. Jegliche Nutzung oder Reproduktion, ganz oder teilweise, [&hellip;]<\/p>\n","protected":false},"author":1,"featured_media":0,"parent":0,"menu_order":0,"comment_status":"closed","ping_status":"closed","template":"","meta":{"footnotes":""},"class_list":["post-2125","page","type-page","status-publish","hentry"],"_links":{"self":[{"href":"https:\/\/good-vibes.hu\/de\/wp-json\/wp\/v2\/pages\/2125","targetHints":{"allow":["GET"]}}],"collection":[{"href":"https:\/\/good-vibes.hu\/de\/wp-json\/wp\/v2\/pages"}],"about":[{"href":"https:\/\/good-vibes.hu\/de\/wp-json\/wp\/v2\/types\/page"}],"author":[{"embeddable":true,"href":"https:\/\/good-vibes.hu\/de\/wp-json\/wp\/v2\/users\/1"}],"replies":[{"embeddable":true,"href":"https:\/\/good-vibes.hu\/de\/wp-json\/wp\/v2\/comments?post=2125"}],"version-history":[{"count":1,"href":"https:\/\/good-vibes.hu\/de\/wp-json\/wp\/v2\/pages\/2125\/revisions"}],"predecessor-version":[{"id":2126,"href":"https:\/\/good-vibes.hu\/de\/wp-json\/wp\/v2\/pages\/2125\/revisions\/2126"}],"wp:attachment":[{"href":"https:\/\/good-vibes.hu\/de\/wp-json\/wp\/v2\/media?parent=2125"}],"curies":[{"name":"wp","href":"https:\/\/api.w.org\/{rel}","templated":true}]}}