{"id":2119,"date":"2025-03-29T16:48:18","date_gmt":"2025-03-29T14:48:18","guid":{"rendered":"https:\/\/good-vibes.hu\/event-technik\/"},"modified":"2026-03-17T20:42:09","modified_gmt":"2026-03-17T18:42:09","slug":"event-technik","status":"publish","type":"page","link":"https:\/\/good-vibes.hu\/de\/event-technik\/","title":{"rendered":"Event-Technik"},"content":{"rendered":"\t\t<div data-elementor-type=\"wp-page\" data-elementor-id=\"2119\" class=\"elementor elementor-2119 elementor-162\" data-elementor-post-type=\"page\">\n\t\t\t\t<div class=\"elementor-element elementor-element-28e8e84 e-con-full e-flex e-con e-parent\" data-id=\"28e8e84\" data-element_type=\"container\" data-e-type=\"container\" data-settings=\"{&quot;background_background&quot;:&quot;video&quot;,&quot;background_play_on_mobile&quot;:&quot;yes&quot;,&quot;background_video_link&quot;:&quot;https:\\\/\\\/good-vibes.hu\\\/wp-content\\\/uploads\\\/2026\\\/03\\\/Technik_opt.mp4&quot;}\">\n\t\t<div class=\"elementor-background-video-container\">\n\t\t\t\t\t\t\t<video class=\"elementor-background-video-hosted\" role=\"presentation\" autoplay muted playsinline loop><\/video>\n\t\t\t\t\t<\/div><div class=\"elementor-element elementor-element-df4188d e-con-full e-flex e-con e-child\" data-id=\"df4188d\" data-element_type=\"container\" data-e-type=\"container\">\n\t\t<div class=\"elementor-element elementor-element-16aea9c e-con-full e-flex e-con e-child\" data-id=\"16aea9c\" data-element_type=\"container\" data-e-type=\"container\">\n\t\t\t\t<div class=\"elementor-element elementor-element-35e400f elementor-widget elementor-widget-heading\" data-id=\"35e400f\" data-element_type=\"widget\" data-e-type=\"widget\" data-widget_type=\"heading.default\">\n\t\t\t\t<div class=\"elementor-widget-container\">\n\t\t\t\t\t<h1 class=\"elementor-heading-title elementor-size-default\">Event-Technik, die wirkt!<\/h1>\t\t\t\t<\/div>\n\t\t\t\t<\/div>\n\t\t\t\t<div class=\"elementor-element elementor-element-a2fc3f9 elementor-hidden-mobile elementor-widget elementor-widget-text-editor\" data-id=\"a2fc3f9\" data-element_type=\"widget\" data-e-type=\"widget\" data-widget_type=\"text-editor.default\">\n\t\t\t\t<div class=\"elementor-widget-container\">\n\t\t\t\t\t\t\t\t\t<p><span style=\"font-weight: 400;\">Guter Sound. Starkes Licht. Echte Emotionen.  <\/span><\/p>\t\t\t\t\t\t\t\t<\/div>\n\t\t\t\t<\/div>\n\t\t\t\t<div class=\"elementor-element elementor-element-51012b6 elementor-widget elementor-widget-global elementor-global-2131 elementor-global-1869 elementor-widget-button\" data-id=\"51012b6\" data-element_type=\"widget\" data-e-type=\"widget\" data-widget_type=\"button.default\">\n\t\t\t\t<div class=\"elementor-widget-container\">\n\t\t\t\t\t\t\t\t\t<div class=\"elementor-button-wrapper\">\n\t\t\t\t\t<a class=\"elementor-button elementor-button-link elementor-size-sm elementor-animation-grow\" href=\"https:\/\/good-vibes.hu\/de\/kontakt\/\">\n\t\t\t\t\t\t<span class=\"elementor-button-content-wrapper\">\n\t\t\t\t\t\t\t\t\t<span class=\"elementor-button-text\">JETZT ANFRAGEN!<\/span>\n\t\t\t\t\t<\/span>\n\t\t\t\t\t<\/a>\n\t\t\t\t<\/div>\n\t\t\t\t\t\t\t\t<\/div>\n\t\t\t\t<\/div>\n\t\t\t\t<\/div>\n\t\t\t\t<\/div>\n\t\t\t\t<\/div>\n\t\t<div class=\"elementor-element elementor-element-061246b e-con-full e-flex e-con e-parent\" data-id=\"061246b\" data-element_type=\"container\" data-e-type=\"container\" data-settings=\"{&quot;background_background&quot;:&quot;classic&quot;}\">\n\t\t\t\t<div class=\"elementor-element elementor-element-3c77673 elementor-widget__width-auto elementor-widget elementor-widget-heading\" data-id=\"3c77673\" data-element_type=\"widget\" data-e-type=\"widget\" data-widget_type=\"heading.default\">\n\t\t\t\t<div class=\"elementor-widget-container\">\n\t\t\t\t\t<h2 class=\"elementor-heading-title elementor-size-default\">Technik, die Stimmung tr\u00e4gt<\/h2>\t\t\t\t<\/div>\n\t\t\t\t<\/div>\n\t\t\t\t<\/div>\n\t\t<div class=\"elementor-element elementor-element-3bf8546 e-con-full e-flex e-con e-parent\" data-id=\"3bf8546\" data-element_type=\"container\" data-e-type=\"container\" data-settings=\"{&quot;background_background&quot;:&quot;classic&quot;}\">\n\t\t\t\t<div class=\"elementor-element elementor-element-3e8ba96 elementor-widget elementor-widget-spacer\" data-id=\"3e8ba96\" data-element_type=\"widget\" data-e-type=\"widget\" data-widget_type=\"spacer.default\">\n\t\t\t\t<div class=\"elementor-widget-container\">\n\t\t\t\t\t\t\t<div class=\"elementor-spacer\">\n\t\t\t<div class=\"elementor-spacer-inner\"><\/div>\n\t\t<\/div>\n\t\t\t\t\t\t<\/div>\n\t\t\t\t<\/div>\n\t\t<div class=\"elementor-element elementor-element-16be742 e-con-full e-flex e-con e-child\" data-id=\"16be742\" data-element_type=\"container\" data-e-type=\"container\" data-settings=\"{&quot;background_background&quot;:&quot;classic&quot;}\">\n\t\t<div class=\"elementor-element elementor-element-c02f6bd e-con-full e-transform e-flex e-con e-child\" data-id=\"c02f6bd\" data-element_type=\"container\" data-e-type=\"container\" data-settings=\"{&quot;background_background&quot;:&quot;classic&quot;,&quot;_transform_scale_effect_hover&quot;:{&quot;unit&quot;:&quot;px&quot;,&quot;size&quot;:1.05,&quot;sizes&quot;:[]},&quot;_transform_scale_effect_hover_tablet&quot;:{&quot;unit&quot;:&quot;px&quot;,&quot;size&quot;:&quot;&quot;,&quot;sizes&quot;:[]},&quot;_transform_scale_effect_hover_mobile&quot;:{&quot;unit&quot;:&quot;px&quot;,&quot;size&quot;:&quot;&quot;,&quot;sizes&quot;:[]}}\">\n\t\t\t\t<div class=\"elementor-element elementor-element-41ec932 elementor-view-default elementor-widget elementor-widget-icon\" data-id=\"41ec932\" data-element_type=\"widget\" data-e-type=\"widget\" data-widget_type=\"icon.default\">\n\t\t\t\t<div class=\"elementor-widget-container\">\n\t\t\t\t\t\t\t<div class=\"elementor-icon-wrapper\">\n\t\t\t<div class=\"elementor-icon\">\n\t\t\t<svg aria-hidden=\"true\" class=\"e-font-icon-svg e-far-eye-slash\" viewBox=\"0 0 640 512\" xmlns=\"http:\/\/www.w3.org\/2000\/svg\"><path d=\"M634 471L36 3.51A16 16 0 0 0 13.51 6l-10 12.49A16 16 0 0 0 6 41l598 467.49a16 16 0 0 0 22.49-2.49l10-12.49A16 16 0 0 0 634 471zM296.79 146.47l134.79 105.38C429.36 191.91 380.48 144 320 144a112.26 112.26 0 0 0-23.21 2.47zm46.42 219.07L208.42 260.16C210.65 320.09 259.53 368 320 368a113 113 0 0 0 23.21-2.46zM320 112c98.65 0 189.09 55 237.93 144a285.53 285.53 0 0 1-44 60.2l37.74 29.5a333.7 333.7 0 0 0 52.9-75.11 32.35 32.35 0 0 0 0-29.19C550.29 135.59 442.93 64 320 64c-36.7 0-71.71 7-104.63 18.81l46.41 36.29c18.94-4.3 38.34-7.1 58.22-7.1zm0 288c-98.65 0-189.08-55-237.93-144a285.47 285.47 0 0 1 44.05-60.19l-37.74-29.5a333.6 333.6 0 0 0-52.89 75.1 32.35 32.35 0 0 0 0 29.19C89.72 376.41 197.08 448 320 448c36.7 0 71.71-7.05 104.63-18.81l-46.41-36.28C359.28 397.2 339.89 400 320 400z\"><\/path><\/svg>\t\t\t<\/div>\n\t\t<\/div>\n\t\t\t\t\t\t<\/div>\n\t\t\t\t<\/div>\n\t\t\t\t<\/div>\n\t\t<div class=\"elementor-element elementor-element-cb586c9 e-con-full e-flex e-con e-child\" data-id=\"cb586c9\" data-element_type=\"container\" data-e-type=\"container\">\n\t\t\t\t<div class=\"elementor-element elementor-element-df7bf0a elementor-widget elementor-widget-heading\" data-id=\"df7bf0a\" data-element_type=\"widget\" data-e-type=\"widget\" data-widget_type=\"heading.default\">\n\t\t\t\t<div class=\"elementor-widget-container\">\n\t\t\t\t\t<h2 class=\"elementor-heading-title elementor-size-default\">Veranstaltungstechnik ist mehr als nur Equipment<\/h2>\t\t\t\t<\/div>\n\t\t\t\t<\/div>\n\t\t\t\t<div class=\"elementor-element elementor-element-741e70c elementor-widget-divider--view-line elementor-widget elementor-widget-divider\" data-id=\"741e70c\" data-element_type=\"widget\" data-e-type=\"widget\" data-widget_type=\"divider.default\">\n\t\t\t\t<div class=\"elementor-widget-container\">\n\t\t\t\t\t\t\t<div class=\"elementor-divider\">\n\t\t\t<span class=\"elementor-divider-separator\">\n\t\t\t\t\t\t<\/span>\n\t\t<\/div>\n\t\t\t\t\t\t<\/div>\n\t\t\t\t<\/div>\n\t\t\t\t<div class=\"elementor-element elementor-element-946dc67 elementor-widget elementor-widget-text-editor\" data-id=\"946dc67\" data-element_type=\"widget\" data-e-type=\"widget\" data-widget_type=\"text-editor.default\">\n\t\t\t\t<div class=\"elementor-widget-container\">\n\t\t\t\t\t\t\t\t\t<p><span style=\"font-weight: 400;\">sie ist das Fundament f\u00fcr Emotionen, G\u00e4nsehaut und unvergessliche Momente.<\/span><\/p><p class=\"\" data-start=\"400\" data-end=\"423\"><span style=\"font-weight: 400;\">Deshalb achten wir auf:<\/span><\/p><ul data-start=\"424\" data-end=\"652\"><li class=\"\" data-start=\"424\" data-end=\"479\"><p><span style=\"font-weight: 400;\">Klaren, warmen Sound \u2013 nie zu laut, nie \u00fcbersteuert<\/span><\/p><\/li><li class=\"\" data-start=\"480\" data-end=\"533\"><p class=\"\" data-start=\"482\" data-end=\"533\"><span style=\"font-weight: 400;\">Licht, das Atmosph\u00e4re erzeugt, ohne zu dominieren<\/span><\/p><\/li><li class=\"\" data-start=\"534\" data-end=\"589\"><p class=\"\" data-start=\"536\" data-end=\"589\"><span style=\"font-weight: 400;\">Technik, die dezent unterst\u00fctzt \u2013 statt aufzufallen<\/span><\/p><\/li><li class=\"\" data-start=\"590\" data-end=\"652\"><p class=\"\" data-start=\"592\" data-end=\"652\"><span style=\"font-weight: 400;\">Effekte mit Feingef\u00fchl \u2013 gezielt eingesetzt, nicht \u00fcberladen<\/span><\/p><\/li><\/ul><p class=\"\" data-start=\"654\" data-end=\"753\"><span style=\"font-weight: 400;\"><strong>Unsere Leitlinie: <\/strong>Qualit\u00e4t vor Quantit\u00e4t. Technik darf sp\u00fcrbar sein \u2013 aber nicht im Weg stehen. <\/span><\/p>\t\t\t\t\t\t\t\t<\/div>\n\t\t\t\t<\/div>\n\t\t\t\t<\/div>\n\t\t\t\t<\/div>\n\t\t\t\t<div class=\"elementor-element elementor-element-35cde3a elementor-widget elementor-widget-spacer\" data-id=\"35cde3a\" data-element_type=\"widget\" data-e-type=\"widget\" data-widget_type=\"spacer.default\">\n\t\t\t\t<div class=\"elementor-widget-container\">\n\t\t\t\t\t\t\t<div class=\"elementor-spacer\">\n\t\t\t<div class=\"elementor-spacer-inner\"><\/div>\n\t\t<\/div>\n\t\t\t\t\t\t<\/div>\n\t\t\t\t<\/div>\n\t\t\t\t<\/div>\n\t\t<div class=\"elementor-element elementor-element-ebb8baf e-con-full e-flex e-con e-parent\" data-id=\"ebb8baf\" data-element_type=\"container\" data-e-type=\"container\" data-settings=\"{&quot;background_background&quot;:&quot;classic&quot;}\">\n\t\t\t\t<div class=\"elementor-element elementor-element-2d87e4a elementor-widget__width-auto elementor-widget elementor-widget-heading\" data-id=\"2d87e4a\" data-element_type=\"widget\" data-e-type=\"widget\" data-widget_type=\"heading.default\">\n\t\t\t\t<div class=\"elementor-widget-container\">\n\t\t\t\t\t<h2 class=\"elementor-heading-title elementor-size-default\">Alles aus einer Hand \u2013 durchdacht und stilsicher<\/h2>\t\t\t\t<\/div>\n\t\t\t\t<\/div>\n\t\t\t\t<\/div>\n\t\t<div class=\"elementor-element elementor-element-2233769 e-con-full e-flex e-con e-parent\" data-id=\"2233769\" data-element_type=\"container\" data-e-type=\"container\" data-settings=\"{&quot;background_background&quot;:&quot;classic&quot;}\">\n\t\t\t\t<div class=\"elementor-element elementor-element-429a056 elementor-widget elementor-widget-spacer\" data-id=\"429a056\" data-element_type=\"widget\" data-e-type=\"widget\" data-widget_type=\"spacer.default\">\n\t\t\t\t<div class=\"elementor-widget-container\">\n\t\t\t\t\t\t\t<div class=\"elementor-spacer\">\n\t\t\t<div class=\"elementor-spacer-inner\"><\/div>\n\t\t<\/div>\n\t\t\t\t\t\t<\/div>\n\t\t\t\t<\/div>\n\t\t<div class=\"elementor-element elementor-element-f8960b3 e-con-full e-flex e-con e-child\" data-id=\"f8960b3\" data-element_type=\"container\" data-e-type=\"container\" data-settings=\"{&quot;background_background&quot;:&quot;classic&quot;}\">\n\t\t<div class=\"elementor-element elementor-element-e935aca e-con-full e-flex e-con e-child\" data-id=\"e935aca\" data-element_type=\"container\" data-e-type=\"container\">\n\t\t\t\t<div class=\"elementor-element elementor-element-76deb2c elementor-widget elementor-widget-heading\" data-id=\"76deb2c\" data-element_type=\"widget\" data-e-type=\"widget\" data-widget_type=\"heading.default\">\n\t\t\t\t<div class=\"elementor-widget-container\">\n\t\t\t\t\t<h2 class=\"elementor-heading-title elementor-size-default\">Bei Good Vibes kommt alles zusammen: DJ, Musik, Licht und Ton.\n<\/h2>\t\t\t\t<\/div>\n\t\t\t\t<\/div>\n\t\t\t\t<div class=\"elementor-element elementor-element-5fab458 elementor-widget-divider--view-line elementor-widget elementor-widget-divider\" data-id=\"5fab458\" data-element_type=\"widget\" data-e-type=\"widget\" data-widget_type=\"divider.default\">\n\t\t\t\t<div class=\"elementor-widget-container\">\n\t\t\t\t\t\t\t<div class=\"elementor-divider\">\n\t\t\t<span class=\"elementor-divider-separator\">\n\t\t\t\t\t\t<\/span>\n\t\t<\/div>\n\t\t\t\t\t\t<\/div>\n\t\t\t\t<\/div>\n\t\t\t\t<div class=\"elementor-element elementor-element-3556ba3 elementor-widget elementor-widget-text-editor\" data-id=\"3556ba3\" data-element_type=\"widget\" data-e-type=\"widget\" data-widget_type=\"text-editor.default\">\n\t\t\t\t<div class=\"elementor-widget-container\">\n\t\t\t\t\t\t\t\t\t<p><span style=\"font-weight: 400;\">Wir denken Technik vom Event her \u2013 nicht vom Lagerbestand:<\/span><\/p>\n<ul data-start=\"1260\" data-end=\"1439\">\n<li class=\"\" data-start=\"1260\" data-end=\"1298\">\n<p class=\"\" data-start=\"1262\" data-end=\"1298\"><span style=\"font-weight: 400;\">Passende Technik f\u00fcr jede Location<\/span><\/p>\n<\/li>\n<li class=\"\" data-start=\"1299\" data-end=\"1341\">\n<p class=\"\" data-start=\"1301\" data-end=\"1341\"><span style=\"font-weight: 400;\">Sauber verkabelt, \u00e4sthetisch aufgebaut<\/span><\/p>\n<\/li>\n<li class=\"\" data-start=\"1342\" data-end=\"1388\">\n<p class=\"\" data-start=\"1344\" data-end=\"1388\"><span style=\"font-weight: 400;\">Durchdachter Einsatz statt \u201emehr ist besser\u201c<\/span><\/p>\n<\/li>\n<li class=\"\" data-start=\"1389\" data-end=\"1439\">\n<p class=\"\" data-start=\"1391\" data-end=\"1439\"><span style=\"font-weight: 400;\">Auf- &amp; Abbau ohne Hektik \u2013 mit Blick f\u00fcr Details<\/span><\/p>\n<\/li>\n<\/ul>\n<p class=\"\" data-start=\"1441\" data-end=\"1517\"><strong>Good Vibes <\/strong><span style=\"font-weight: 400;\"><strong>bedeutet:<\/strong> Kein Kabelsalat. Keine Improvisation. Keine b\u00f6sen \u00dcberraschungen.  <\/span><\/p>\t\t\t\t\t\t\t\t<\/div>\n\t\t\t\t<\/div>\n\t\t\t\t<\/div>\n\t\t<div class=\"elementor-element elementor-element-2f90228 e-con-full e-transform e-flex e-con e-child\" data-id=\"2f90228\" data-element_type=\"container\" data-e-type=\"container\" data-settings=\"{&quot;background_background&quot;:&quot;classic&quot;,&quot;_transform_scale_effect_hover&quot;:{&quot;unit&quot;:&quot;px&quot;,&quot;size&quot;:1.05,&quot;sizes&quot;:[]},&quot;_transform_scale_effect_hover_tablet&quot;:{&quot;unit&quot;:&quot;px&quot;,&quot;size&quot;:&quot;&quot;,&quot;sizes&quot;:[]},&quot;_transform_scale_effect_hover_mobile&quot;:{&quot;unit&quot;:&quot;px&quot;,&quot;size&quot;:&quot;&quot;,&quot;sizes&quot;:[]}}\">\n\t\t\t\t<div class=\"elementor-element elementor-element-5447169 elementor-view-default elementor-widget elementor-widget-icon\" data-id=\"5447169\" data-element_type=\"widget\" data-e-type=\"widget\" data-widget_type=\"icon.default\">\n\t\t\t\t<div class=\"elementor-widget-container\">\n\t\t\t\t\t\t\t<div class=\"elementor-icon-wrapper\">\n\t\t\t<div class=\"elementor-icon\">\n\t\t\t<svg aria-hidden=\"true\" class=\"e-font-icon-svg e-far-eye-slash\" viewBox=\"0 0 640 512\" xmlns=\"http:\/\/www.w3.org\/2000\/svg\"><path d=\"M634 471L36 3.51A16 16 0 0 0 13.51 6l-10 12.49A16 16 0 0 0 6 41l598 467.49a16 16 0 0 0 22.49-2.49l10-12.49A16 16 0 0 0 634 471zM296.79 146.47l134.79 105.38C429.36 191.91 380.48 144 320 144a112.26 112.26 0 0 0-23.21 2.47zm46.42 219.07L208.42 260.16C210.65 320.09 259.53 368 320 368a113 113 0 0 0 23.21-2.46zM320 112c98.65 0 189.09 55 237.93 144a285.53 285.53 0 0 1-44 60.2l37.74 29.5a333.7 333.7 0 0 0 52.9-75.11 32.35 32.35 0 0 0 0-29.19C550.29 135.59 442.93 64 320 64c-36.7 0-71.71 7-104.63 18.81l46.41 36.29c18.94-4.3 38.34-7.1 58.22-7.1zm0 288c-98.65 0-189.08-55-237.93-144a285.47 285.47 0 0 1 44.05-60.19l-37.74-29.5a333.6 333.6 0 0 0-52.89 75.1 32.35 32.35 0 0 0 0 29.19C89.72 376.41 197.08 448 320 448c36.7 0 71.71-7.05 104.63-18.81l-46.41-36.28C359.28 397.2 339.89 400 320 400z\"><\/path><\/svg>\t\t\t<\/div>\n\t\t<\/div>\n\t\t\t\t\t\t<\/div>\n\t\t\t\t<\/div>\n\t\t\t\t<\/div>\n\t\t\t\t<\/div>\n\t\t\t\t<div class=\"elementor-element elementor-element-4c53ba6 elementor-widget elementor-widget-spacer\" data-id=\"4c53ba6\" data-element_type=\"widget\" data-e-type=\"widget\" data-widget_type=\"spacer.default\">\n\t\t\t\t<div class=\"elementor-widget-container\">\n\t\t\t\t\t\t\t<div class=\"elementor-spacer\">\n\t\t\t<div class=\"elementor-spacer-inner\"><\/div>\n\t\t<\/div>\n\t\t\t\t\t\t<\/div>\n\t\t\t\t<\/div>\n\t\t\t\t<\/div>\n\t\t<div class=\"elementor-element elementor-element-044cb27 e-con-full e-flex e-con e-parent\" data-id=\"044cb27\" data-element_type=\"container\" data-e-type=\"container\" data-settings=\"{&quot;background_background&quot;:&quot;classic&quot;}\">\n\t\t\t\t<div class=\"elementor-element elementor-element-789b86c elementor-widget__width-auto elementor-widget elementor-widget-heading\" data-id=\"789b86c\" data-element_type=\"widget\" data-e-type=\"widget\" data-widget_type=\"heading.default\">\n\t\t\t\t<div class=\"elementor-widget-container\">\n\t\t\t\t\t<h2 class=\"elementor-heading-title elementor-size-default\">F\u00fcr jede Gr\u00f6\u00dfe \u2013 und jeden Anspruch<\/h2>\t\t\t\t<\/div>\n\t\t\t\t<\/div>\n\t\t\t\t<\/div>\n\t\t<div class=\"elementor-element elementor-element-888238d e-con-full e-flex e-con e-parent\" data-id=\"888238d\" data-element_type=\"container\" data-e-type=\"container\" data-settings=\"{&quot;background_background&quot;:&quot;classic&quot;}\">\n\t\t\t\t<div class=\"elementor-element elementor-element-7f8a0b4 elementor-widget elementor-widget-spacer\" data-id=\"7f8a0b4\" data-element_type=\"widget\" data-e-type=\"widget\" data-widget_type=\"spacer.default\">\n\t\t\t\t<div class=\"elementor-widget-container\">\n\t\t\t\t\t\t\t<div class=\"elementor-spacer\">\n\t\t\t<div class=\"elementor-spacer-inner\"><\/div>\n\t\t<\/div>\n\t\t\t\t\t\t<\/div>\n\t\t\t\t<\/div>\n\t\t<div class=\"elementor-element elementor-element-bfa8889 e-con-full e-flex e-con e-child\" data-id=\"bfa8889\" data-element_type=\"container\" data-e-type=\"container\" data-settings=\"{&quot;background_background&quot;:&quot;classic&quot;}\">\n\t\t<div class=\"elementor-element elementor-element-14a689a e-con-full e-flex e-con e-child\" data-id=\"14a689a\" data-element_type=\"container\" data-e-type=\"container\" data-settings=\"{&quot;background_background&quot;:&quot;classic&quot;}\">\n\t\t<div class=\"elementor-element elementor-element-487d41c e-con-full e-transform e-flex elementor-invisible e-con e-child\" data-id=\"487d41c\" data-element_type=\"container\" data-e-type=\"container\" data-settings=\"{&quot;background_background&quot;:&quot;classic&quot;,&quot;_transform_scale_effect_hover&quot;:{&quot;unit&quot;:&quot;px&quot;,&quot;size&quot;:1.05,&quot;sizes&quot;:[]},&quot;animation&quot;:&quot;fadeInLeft&quot;,&quot;_transform_scale_effect_hover_tablet&quot;:{&quot;unit&quot;:&quot;px&quot;,&quot;size&quot;:&quot;&quot;,&quot;sizes&quot;:[]},&quot;_transform_scale_effect_hover_mobile&quot;:{&quot;unit&quot;:&quot;px&quot;,&quot;size&quot;:&quot;&quot;,&quot;sizes&quot;:[]}}\">\n\t\t\t\t<div class=\"elementor-element elementor-element-d6d6b51 elementor-view-default elementor-widget elementor-widget-icon\" data-id=\"d6d6b51\" data-element_type=\"widget\" data-e-type=\"widget\" data-widget_type=\"icon.default\">\n\t\t\t\t<div class=\"elementor-widget-container\">\n\t\t\t\t\t\t\t<div class=\"elementor-icon-wrapper\">\n\t\t\t<div class=\"elementor-icon\">\n\t\t\t<svg aria-hidden=\"true\" class=\"e-font-icon-svg e-fas-square-full\" viewBox=\"0 0 512 512\" xmlns=\"http:\/\/www.w3.org\/2000\/svg\"><path d=\"M512 512H0V0h512v512z\"><\/path><\/svg>\t\t\t<\/div>\n\t\t<\/div>\n\t\t\t\t\t\t<\/div>\n\t\t\t\t<\/div>\n\t\t\t\t<\/div>\n\t\t\t\t<\/div>\n\t\t<div class=\"elementor-element elementor-element-786507c e-con-full e-flex e-con e-child\" data-id=\"786507c\" data-element_type=\"container\" data-e-type=\"container\" data-settings=\"{&quot;background_background&quot;:&quot;classic&quot;}\">\n\t\t\t\t<div class=\"elementor-element elementor-element-6d5ecd8 elementor-widget-mobile__width-initial elementor-widget elementor-widget-text-editor\" data-id=\"6d5ecd8\" data-element_type=\"widget\" data-e-type=\"widget\" data-widget_type=\"text-editor.default\">\n\t\t\t\t<div class=\"elementor-widget-container\">\n\t\t\t\t\t\t\t\t\t<p><span style=\"font-weight: 400;\">Ob intime Hochzeit oder gro\u00dfe Firmenfeier &#8211; <\/span><span style=\"font-weight: 400;\">wir skalieren unsere Technik individuell auf euer Event.<br><\/span><\/p>\n<p><span style=\"font-weight: 400;\">Auch f\u00fcr besondere Anforderungen greifen wir auf unser Partnernetzwerk zur\u00fcck und sorgen daf\u00fcr, dass Sound, Licht &amp; Aufbau zur Location und Stimmung passen.<\/span><span style=\"font-weight: 400;\"><br><\/span><\/p>\t\t\t\t\t\t\t\t<\/div>\n\t\t\t\t<\/div>\n\t\t\t\t<\/div>\n\t\t\t\t<\/div>\n\t\t\t\t<div class=\"elementor-element elementor-element-067e7e2 elementor-widget elementor-widget-spacer\" data-id=\"067e7e2\" data-element_type=\"widget\" data-e-type=\"widget\" data-widget_type=\"spacer.default\">\n\t\t\t\t<div class=\"elementor-widget-container\">\n\t\t\t\t\t\t\t<div class=\"elementor-spacer\">\n\t\t\t<div class=\"elementor-spacer-inner\"><\/div>\n\t\t<\/div>\n\t\t\t\t\t\t<\/div>\n\t\t\t\t<\/div>\n\t\t\t\t<\/div>\n\t\t<div class=\"elementor-element elementor-element-b2b0a65 e-con-full e-flex e-con e-parent\" data-id=\"b2b0a65\" data-element_type=\"container\" data-e-type=\"container\" data-settings=\"{&quot;background_background&quot;:&quot;classic&quot;}\">\n\t\t\t\t<div class=\"elementor-element elementor-element-531e2aa elementor-widget__width-auto elementor-widget elementor-widget-heading\" data-id=\"531e2aa\" data-element_type=\"widget\" data-e-type=\"widget\" data-widget_type=\"heading.default\">\n\t\t\t\t<div class=\"elementor-widget-container\">\n\t\t\t\t\t<h2 class=\"elementor-heading-title elementor-size-default\">Seid Ihr die n\u00e4chsten?<\/h2>\t\t\t\t<\/div>\n\t\t\t\t<\/div>\n\t\t\t\t<\/div>\n\t\t<div class=\"elementor-element elementor-element-9a2d953 e-con-full e-flex e-con e-parent\" data-id=\"9a2d953\" data-element_type=\"container\" data-e-type=\"container\">\n\t\t\t\t<div class=\"elementor-element elementor-element-e19177d elementor-absolute elementor-widget__width-initial elementor-widget elementor-widget-heading\" data-id=\"e19177d\" data-element_type=\"widget\" data-e-type=\"widget\" data-settings=\"{&quot;_position&quot;:&quot;absolute&quot;}\" data-widget_type=\"heading.default\">\n\t\t\t\t<div class=\"elementor-widget-container\">\n\t\t\t\t\t<h2 class=\"elementor-heading-title elementor-size-default\">Hochzeit, Firmenevent oder private Party \u2013 wir machen eure Veranstaltung einzigartig.<\/h2>\t\t\t\t<\/div>\n\t\t\t\t<\/div>\n\t\t\t\t<div class=\"elementor-element elementor-element-c368c17 elementor--v-position-bottom elementor--h-position-left elementor-pagination-position-inside elementor-widget elementor-widget-slides\" data-id=\"c368c17\" data-element_type=\"widget\" data-e-type=\"widget\" data-settings=\"{&quot;navigation&quot;:&quot;dots&quot;,&quot;autoplay&quot;:&quot;yes&quot;,&quot;pause_on_hover&quot;:&quot;yes&quot;,&quot;pause_on_interaction&quot;:&quot;yes&quot;,&quot;autoplay_speed&quot;:5000,&quot;infinite&quot;:&quot;yes&quot;,&quot;transition&quot;:&quot;slide&quot;,&quot;transition_speed&quot;:500}\" data-widget_type=\"slides.default\">\n\t\t\t\t<div class=\"elementor-widget-container\">\n\t\t\t\t\t\t\t\t\t<div class=\"elementor-swiper\">\n\t\t\t\t\t<div class=\"elementor-slides-wrapper elementor-main-swiper swiper\" role=\"region\" aria-roledescription=\"carousel\" aria-label=\"Slides\" dir=\"ltr\" data-animation=\"fadeInLeft\">\n\t\t\t\t<div class=\"swiper-wrapper elementor-slides\">\n\t\t\t\t\t\t\t\t\t\t<div class=\"elementor-repeater-item-4be9a0b swiper-slide\" role=\"group\" aria-roledescription=\"slide\"><div class=\"swiper-slide-bg elementor-ken-burns elementor-ken-burns--in\" role=\"img\" aria-label=\"Rendezve\u0301ny dj Budapest\"><\/div><div class=\"elementor-background-overlay\"><\/div><a class=\"swiper-slide-inner\" href=\"https:\/\/good-vibes.hu\/de\/kontakt\/\"><div class=\"swiper-slide-contents\"><div class=\"elementor-slide-heading\">Eure Good Vibes Experience ist nur noch ein paar Klicks entfernt!<\/div><div class=\"elementor-slide-description\"><p>Wir freuen uns darauf, Euch schon bald pers\u00f6nlich kennenzulernen und Eure Hochzeit oder Euer Event zu einem unvergesslichen Erlebnis zu machen!<\/p>\n<\/div><div  class=\"elementor-button elementor-slide-button elementor-size-lg\">Jetzt unverbindlich anfragen!<\/div><\/div><\/a><\/div>\t\t\t\t<\/div>\n\t\t\t\t\t\t\t<\/div>\n\t\t\t\t<\/div>\n\t\t\t\t\t\t\t\t<\/div>\n\t\t\t\t<\/div>\n\t\t\t\t<\/div>\n\t\t\t\t<\/div>\n\t\t","protected":false},"excerpt":{"rendered":"<p>Event-Technik, die wirkt! Guter Sound. Starkes Licht. Echte Emotionen. AJ\u00c1NLATK\u00c9R\u00c9S Technik, die Stimmung tr\u00e4gt Veranstaltungstechnik ist mehr als nur Equipment sie ist das Fundament f\u00fcr Emotionen, G\u00e4nsehaut und unvergessliche Momente. Deshalb achten wir auf: Klaren, warmen Sound \u2013 nie zu laut, nie \u00fcbersteuert Licht, das Atmosph\u00e4re erzeugt, ohne zu dominieren Technik, die dezent unterst\u00fctzt \u2013 [&hellip;]<\/p>\n","protected":false},"author":1,"featured_media":0,"parent":0,"menu_order":0,"comment_status":"closed","ping_status":"closed","template":"","meta":{"footnotes":""},"class_list":["post-2119","page","type-page","status-publish","hentry"],"_links":{"self":[{"href":"https:\/\/good-vibes.hu\/de\/wp-json\/wp\/v2\/pages\/2119","targetHints":{"allow":["GET"]}}],"collection":[{"href":"https:\/\/good-vibes.hu\/de\/wp-json\/wp\/v2\/pages"}],"about":[{"href":"https:\/\/good-vibes.hu\/de\/wp-json\/wp\/v2\/types\/page"}],"author":[{"embeddable":true,"href":"https:\/\/good-vibes.hu\/de\/wp-json\/wp\/v2\/users\/1"}],"replies":[{"embeddable":true,"href":"https:\/\/good-vibes.hu\/de\/wp-json\/wp\/v2\/comments?post=2119"}],"version-history":[{"count":6,"href":"https:\/\/good-vibes.hu\/de\/wp-json\/wp\/v2\/pages\/2119\/revisions"}],"predecessor-version":[{"id":2362,"href":"https:\/\/good-vibes.hu\/de\/wp-json\/wp\/v2\/pages\/2119\/revisions\/2362"}],"wp:attachment":[{"href":"https:\/\/good-vibes.hu\/de\/wp-json\/wp\/v2\/media?parent=2119"}],"curies":[{"name":"wp","href":"https:\/\/api.w.org\/{rel}","templated":true}]}}